{"id":2,"date":"2024-01-06T10:03:41","date_gmt":"2024-01-06T10:03:41","guid":{"rendered":"https:\/\/denmarineredesild.dk\/?page_id=2"},"modified":"2026-01-03T11:36:15","modified_gmt":"2026-01-03T11:36:15","slug":"sample-page","status":"publish","type":"page","link":"https:\/\/denmarineredesild.dk\/","title":{"rendered":"Sample Page"},"content":{"rendered":"<p>[et_pb_section fb_built=&#8221;1&#8243; _builder_version=&#8221;4.23.4&#8243; background_color=&#8221;#E02B20&#8243; use_background_color_gradient=&#8221;on&#8221; background_color_gradient_stops=&#8221;#275935 0%|#0a2b00 100%&#8221; global_colors_info=&#8221;{}&#8221;][et_pb_row _builder_version=&#8221;4.16&#8243; background_size=&#8221;initial&#8221; background_position=&#8221;top_left&#8221; background_repeat=&#8221;repeat&#8221; global_colors_info=&#8221;{}&#8221;][et_pb_column type=&#8221;4_4&#8243; _builder_version=&#8221;4.16&#8243; custom_padding=&#8221;|||&#8221; global_colors_info=&#8221;{}&#8221; custom_padding__hover=&#8221;|||&#8221;][et_pb_image src=&#8221;https:\/\/denmarineredesild.dk\/wp-content\/uploads\/2024\/01\/logo-trans.png&#8221; title_text=&#8221;logo-trans&#8221; _builder_version=&#8221;4.23.4&#8243; _module_preset=&#8221;default&#8221; width=&#8221;34%&#8221; module_alignment=&#8221;center&#8221; global_colors_info=&#8221;{}&#8221;][\/et_pb_image][\/et_pb_column][\/et_pb_row][et_pb_row _builder_version=&#8221;4.23.4&#8243; _module_preset=&#8221;default&#8221; global_colors_info=&#8221;{}&#8221;][et_pb_column type=&#8221;4_4&#8243; _builder_version=&#8221;4.23.4&#8243; _module_preset=&#8221;default&#8221; global_colors_info=&#8221;{}&#8221;][et_pb_text _builder_version=&#8221;4.23.4&#8243; _module_preset=&#8221;default&#8221; text_text_color=&#8221;#FFFFFF&#8221; global_colors_info=&#8221;{}&#8221;]<\/p>\n<p style=\"text-align: center;\"><strong>Den Marinerede Sild er en lille hyggelig pub midt i R\u00f8nne. Vi har altid special\u00f8l p\u00e5 hanen fra \u00f8ens bryggerier, et omfattende cocktailkort og Bornholms st\u00f8rste whiskeyudvalg.<\/strong><\/p>\n<p style=\"text-align: center;\"><strong>Der vil j\u00e6vnligt v\u00e6re arrangementer, standup, quiz-aften m.m. Hold \u00f8je med vores <a href=\"https:\/\/www.instagram.com\/denmarineredesild\/\">Instagram<\/a> eller <a href=\"https:\/\/www.facebook.com\/DenMarineredeSild\/\">Facebook<\/a> for detaljer.<\/strong><\/p>\n<p style=\"text-align: center;\"><strong>Det er ogs\u00e5 muligt at leje Den Marinerede Sild til private arrangementer. Fx f\u00f8dselsdag, polterabend, m\u00f8de osv. kontakt os for detaljer.<\/strong><\/p>\n<p>[\/et_pb_text][\/et_pb_column][\/et_pb_row][et_pb_row _builder_version=&#8221;4.23.4&#8243; _module_preset=&#8221;default&#8221; global_colors_info=&#8221;{}&#8221;][et_pb_column type=&#8221;4_4&#8243; _builder_version=&#8221;4.23.4&#8243; _module_preset=&#8221;default&#8221; global_colors_info=&#8221;{}&#8221;][et_pb_text _builder_version=&#8221;4.23.4&#8243; _module_preset=&#8221;default&#8221; text_text_color=&#8221;#FFFFFF&#8221; global_colors_info=&#8221;{}&#8221;]<\/p>\n<p style=\"text-align: center;\">\n<p style=\"text-align: center;\"><strong><span style=\"text-decoration: underline;\">Den Marinerede Sild<\/span><br \/>Lille Torv 5, 3700 R\u00f8nne<\/strong><\/p>\n<p style=\"text-align: center;\"><span style=\"text-decoration: underline;\"><strong>\u00c5bningstider<\/strong><\/span><strong><br \/><\/strong><strong><br \/>Se vores <a href=\"https:\/\/www.facebook.com\/DenMarineredeSild\">Facebook<\/a><a href=\"https:\/\/www.facebook.com\/DenMarineredeSild\"> Side<\/a><\/strong><\/p>\n<p style=\"text-align: center;\"><strong>eller<\/strong><\/p>\n<p style=\"text-align: center;\"><a href=\"https:\/\/share.google\/xIJvOA0zoMJx9ReI9\"><strong>Bes\u00f8g Google<\/strong><\/a><\/p>\n<p><strong> <\/strong><\/p>\n<p><strong><\/strong><\/p>\n<p style=\"text-align: center;\"><strong><span style=\"text-decoration: underline;\">Send os en email<\/span><br \/><a href=\"mailto:denmarineredesild@gmail.com\">sild@denmarineredesild.dk<\/a><\/strong><\/p>\n<p style=\"text-align: center;\"><strong><span style=\"text-decoration: underline;\">Kontakt os p\u00e5 sociale medier<\/span><\/strong><\/p>\n<p style=\"text-align: center;\"><strong><\/strong><\/p>\n<p style=\"text-align: center;\"><strong><\/strong><\/p>\n<p style=\"text-align: center;\"><strong><\/strong><\/p>\n<p>[\/et_pb_text][\/et_pb_column][\/et_pb_row][\/et_pb_section]<\/p>\n","protected":false},"excerpt":{"rendered":"<p>Den Marinerede Sild er en lille hyggelig pub midt i R\u00f8nne. Vi har altid special\u00f8l p\u00e5 hanen fra \u00f8ens bryggerier, et omfattende cocktailkort og Bornholms st\u00f8rste whiskeyudvalg. Der vil j\u00e6vnligt v\u00e6re arrangementer, standup, quiz-aften m.m. Hold \u00f8je med vores Instagram eller Facebook for detaljer. Det er ogs\u00e5 muligt at leje Den Marinerede Sild til private [&hellip;]<\/p>\n","protected":false},"author":1,"featured_media":0,"parent":0,"menu_order":0,"comment_status":"closed","ping_status":"open","template":"","meta":{"_et_pb_use_builder":"on","_et_pb_old_content":"<!-- wp:paragraph -->\n<p>This is an example page. It's different from a blog post because it will stay in one place and will show up in your site navigation (in most themes). Most people start with an About page that introduces them to potential site visitors. It might say something like this:<\/p>\n<!-- \/wp:paragraph -->\n\n<!-- wp:quote -->\n<blockquote class=\"wp-block-quote\"><p>Hi there! I'm a bike messenger by day, aspiring actor by night, and this is my website. I live in Los Angeles, have a great dog named Jack, and I like pi&#241;a coladas. (And gettin' caught in the rain.)<\/p><\/blockquote>\n<!-- \/wp:quote -->\n\n<!-- wp:paragraph -->\n<p>...or something like this:<\/p>\n<!-- \/wp:paragraph -->\n\n<!-- wp:quote -->\n<blockquote class=\"wp-block-quote\"><p>The XYZ Doohickey Company was founded in 1971, and has been providing quality doohickeys to the public ever since. Located in Gotham City, XYZ employs over 2,000 people and does all kinds of awesome things for the Gotham community.<\/p><\/blockquote>\n<!-- \/wp:quote -->\n\n<!-- wp:paragraph -->\n<p>As a new WordPress user, you should go to <a href=\"https:\/\/denmarineredesild.dk\/wp-admin\/\">your dashboard<\/a> to delete this page and create new pages for your content. Have fun!<\/p>\n<!-- \/wp:paragraph -->","_et_gb_content_width":"2880","footnotes":""},"class_list":["post-2","page","type-page","status-publish","hentry"],"_links":{"self":[{"href":"https:\/\/denmarineredesild.dk\/index.php?rest_route=\/wp\/v2\/pages\/2","targetHints":{"allow":["GET"]}}],"collection":[{"href":"https:\/\/denmarineredesild.dk\/index.php?rest_route=\/wp\/v2\/pages"}],"about":[{"href":"https:\/\/denmarineredesild.dk\/index.php?rest_route=\/wp\/v2\/types\/page"}],"author":[{"embeddable":true,"href":"https:\/\/denmarineredesild.dk\/index.php?rest_route=\/wp\/v2\/users\/1"}],"replies":[{"embeddable":true,"href":"https:\/\/denmarineredesild.dk\/index.php?rest_route=%2Fwp%2Fv2%2Fcomments&post=2"}],"version-history":[{"count":26,"href":"https:\/\/denmarineredesild.dk\/index.php?rest_route=\/wp\/v2\/pages\/2\/revisions"}],"predecessor-version":[{"id":101,"href":"https:\/\/denmarineredesild.dk\/index.php?rest_route=\/wp\/v2\/pages\/2\/revisions\/101"}],"wp:attachment":[{"href":"https:\/\/denmarineredesild.dk\/index.php?rest_route=%2Fwp%2Fv2%2Fmedia&parent=2"}],"curies":[{"name":"wp","href":"https:\/\/api.w.org\/{rel}","templated":true}]}}